{"id":68,"date":"2012-04-17T09:49:35","date_gmt":"2012-04-17T09:49:35","guid":{"rendered":"http:\/\/www.psychiatrie-und-ethik.de\/wpinfcde\/?page_id=68"},"modified":"2012-07-21T18:41:46","modified_gmt":"2012-07-21T18:41:46","slug":"links","status":"publish","type":"page","link":"http:\/\/www.psychiatrie-und-ethik.de\/wpinfcde\/links\/","title":{"rendered":"Links"},"content":{"rendered":"<p><strong>Im Folgenden einige Links zu gewichtigen Beitr\u00e4gen, die das Thema betreffend in verschiedenen Sprachen auf anderen Webseiten stehen,<\/strong><\/p>\n<p>unter 14.) eine weitere deutsche Web-Seite:<\/p>\n<p><strong><br \/>\n1.) Texte von Robert Wilcocks (franz\u00f6sisch<\/strong><\/p>\n<p><a href=\"http:\/\/www.evopsy.com\/article109.html\" target=\"_blank\">http:\/\/www.evopsy.com\/article109.html<\/a><\/p>\n<p><a href=\"http:\/\/www.evopsy.com\/article110.html\" target=\"_blank\">http:\/\/www.evopsy.com\/article110.html<\/a><br \/>\n<strong><\/strong><\/p>\n<p>&nbsp;<\/p>\n<p>&nbsp;<\/p>\n<p><strong>2.) Artikel von Raymond Tallis :<\/strong><\/p>\n<p><em>The Shrink from Hell, The Times Higher Education Supplement, 31 October 1997<\/em><\/p>\n<p><a href=\"http:\/\/www.palgrave.com\/eReader\/archive\/04tallis.pdf\" target=\"_blank\">http:\/\/www.palgrave.com\/eReader\/archive\/04tallis.pdf<\/a><\/p>\n<p>&nbsp;<\/p>\n<p><em>Burying Freud, Lancet, (1996, march 9) Vol. 347: 669-671<\/em><\/p>\n<p><a href=\"http:\/\/human-nature.com\/freud\/tallis.html\" target=\"_blank\">http:\/\/human-nature.com\/freud\/tallis.html<\/a><\/p>\n<p>&nbsp;<\/p>\n<p><strong><br \/>\n3.) Die Betrachtungen von Jean Brissonnet auf der Seitepseudo-m\u00e9decines:<\/strong><\/p>\n<p><a href=\"http:\/\/www.pseudo-medecines.org\/psycha.htm\" target=\"_blank\">http:\/\/www.pseudo-medecines.org\/psycha.htm<\/a><\/p>\n<p>&nbsp;<\/p>\n<p><strong>4.) Die Webseite von Patrice van den Reysen :<\/strong><\/p>\n<p><a href=\"http:\/\/perso.wanadoo.fr\/vdrpatrice\/\" target=\"_blank\">\u00a0http:\/\/perso.wanadoo.fr\/vdrpatrice\/<\/a><\/p>\n<p>Auf der Seite van den Reysens auch ein Artikel zur Verleihung des Lyssenko-Preis (Prix Lyssenko) an die franz\u00f6sische &#8222;Analyse-F\u00fcrstin&#8220; Elisabeth Roudinesco.<\/p>\n<p><strong><br \/>\n5. )\u00a0 Die Webseite von Richard Webster:<\/strong><\/p>\n<p><a href=\"http:\/\/www.richardwebster.net\/\" target=\"_blank\">\u00a0http:\/\/www.richardwebster.net\/<\/a><br \/>\n<strong><\/strong><\/p>\n<p>&nbsp;<\/p>\n<p><strong>6.) Human Nature enth\u00e4lt zahlreiche dem Freudismus gewidmete Texte:<\/strong><\/p>\n<p><a href=\"http:\/\/human-nature.com\/freud\" target=\"_blank\">http:\/\/human-nature.com\/freud<\/a><\/p>\n<p>&nbsp;<\/p>\n<p><strong>7.) Artikel von Allen Esterson.<\/strong><\/p>\n<p>Synopsis eines Artikels von 1998 Jeffrey Masson and Freud&#8217;s seduction theory: a new fable based on old myths sowie erg\u00e4nzendes Material:<\/p>\n<p><a href=\"http:\/\/www.human-nature.com\/esterson\/index.htm\" target=\"_blank\">http:\/\/www.human-nature.com\/esterson\/index.htm<\/a>l.<\/p>\n<p>Psychoanalytic Mythology, eine kurze W\u00fcrdigung der Freudschen Episode der Verf\u00fchrungstheorie zusammen mit einigem in dem vorgenannten Artikel noch nicht behandelten Material:<\/p>\n<p><a href=\"http:\/\/www.butterfliesandwheels.com\/articleprint.php?num=10\" target=\"_blank\">http:\/\/www.butterfliesandwheels.com\/articleprint.php?num=10<\/a><\/p>\n<p>&nbsp;<\/p>\n<p>BBC Radio 4 brachte am 22 April 2004 eins Sendung \u00fcber Freud und die Hysterie.<\/p>\n<p><a href=\"http:\/\/www.esterson.org\" target=\"_blank\">http:\/\/www.esterson.org<\/a><\/p>\n<p>&nbsp;<\/p>\n<p>&nbsp;<\/p>\n<p><strong>8.) Artikel auf Englisch und Schwedisch von Max Scharnberg<\/strong><\/p>\n<p><a href=\"http:\/\/www.dynam-it.com\/forpsyk\/index.html\" target=\"_blank\">http:\/\/www.dynam-it.com\/forpsyk\/index.html<\/a><\/p>\n<p>&nbsp;<\/p>\n<p>&nbsp;<\/p>\n<p><strong>9. )\u00a0 Ein Beispiel von verbreitetem pseudowissenschaftlichen Unfug <\/strong><\/p>\n<p>In der \u201epsychischen Gesundheitsversorgung\u201c und seinen verh\u00e4ngnisvollen Auswirkungen:<\/p>\n<p><a href=\"www.injusticebusters.com\/04\/Meadow_RoyUK.htm\" target=\"_blank\">www.injusticebusters.com\/04\/Meadow_RoyUK.htm<\/a><\/p>\n<p>&nbsp;<\/p>\n<p><strong>10.)\u00a0 Ein Text von Jacques Corraze,<\/strong><\/p>\n<p>Untersuchung eines Beispiels von Mystifikation, wie der von Didier Anzieu: Le Moi-peau ou le merveilleux psychanalytique &#8211; Die Ich-Haut oder: Der wunderbare Psychoanalytiker.\u00a0 Der franz\u00f6sische Artikel zug\u00e4nglich im Format.PDF (*Acrobat Reader) unter<\/p>\n<p><a href=\"http:\/\/www.psychomotricite.com\/ffp\/evo-pdf\/corraze40.pdf\" target=\"_blank\">http:\/\/www.psychomotricite.com\/ffp\/evo-pdf\/corraze40.pdf<\/a><\/p>\n<p>&nbsp;<\/p>\n<p><strong>11.)\u00a0 Ein Artikel von Luis Carlos Fernandez :<\/strong><\/p>\n<p>La passion de discourir comme volont\u00e9 de ne pas savoir.<\/p>\n<p><a href=\"http:\/\/dogma.free.fr\/txt\/LCF-discourir.html\" target=\"_blank\">http:\/\/dogma.free.fr\/txt\/LCF-discourir.html<\/a><\/p>\n<p>&nbsp;<\/p>\n<p><strong>12.)\u00a0\u00a0 Zwei Artikel auf deutsch von Asbj\u00f6rn Tjeldfl\u00e5t,<\/strong><\/p>\n<p>Germanistisches Institut, Universit\u00e4t Bergen, Norwegen<\/p>\n<p>Im Labyrinth der Begriffe &#8211; zu Freuds Psychoanalyse und ihrer Rezeption in der neueren deutschen Literaturwissenschaft (2000)<\/p>\n<p><a href=\"http:\/\/www.ub.uib.no\/elpub\/2000\/a\/505001\" target=\"_blank\">http:\/\/www.ub.uib.no\/elpub\/2000\/a\/505001<\/a><\/p>\n<p>Der hermetische Zirkel &#8211;\u00a0 Zur Praxis der psychoanalytischen<\/p>\n<p>Literaturwissenschaft und ihrer theoretischen Grundlage (2004)<\/p>\n<p><a href=\"http:\/\/www.ub.uib.no\/elpub\/2004\/a\/505001\" target=\"_blank\">http:\/\/www.ub.uib.no\/elpub\/2004\/a\/505001<\/a><\/p>\n<p>&nbsp;<\/p>\n<p>&nbsp;<\/p>\n<p><strong>13.)\u00a0\u00a0 Eine weitere freud-kritische Quelle ist das<\/strong><\/p>\n<p>Nordische Komitee f\u00fcr Menschenrechte:<\/p>\n<p><a href=\"http:\/\/www.nkmr.org\" target=\"_blank\">http:\/\/www.nkmr.org<\/a><\/p>\n<p>&nbsp;<\/p>\n<p><strong>14.)\u00a0\u00a0 <a href=\"http:\/\/www.oedipus-online.de\" target=\"_blank\">www.oedipus-online.de<\/a> &#8211; die Webseite von Klaus Schlagmann.<\/strong><\/p>\n<p>Auf sie aufmerksam zu machen, bat ihr Autor im Juli 2006. Uns erscheint hier besonders aktuell eine kritische Stellungnahme zu Prof. O.F. Kernberg, dem ehemaligen Pr\u00e4sidenten der American Psychoanalytic Association. In der heutigen deutschen Psychotherapie-Szene steht er hoch im Kurs .<\/p>\n<p>Auch Schlagmanns kritische Position ist freilich nicht ganz die von INFC. Der als Psychotherapeut t\u00e4tige Diplom-Psychologe h\u00e4lt daf\u00fcr, dass die fr\u00fche Freud-Ansicht der \u201eVerf\u00fchrungstheorie\u201c, die er f\u00fcr unsinnig h\u00e4lt, immerhin noch ein wichtiges Prinzip vertritt, n\u00e4mlich das der kindlichen Gewalterfahrung (physischer und\/oder psychischer Natur) als Ursache sp\u00e4terer psychischer und psychosomatischer St\u00f6rungen. Diese Position sieht Schlagmann in den Ausf\u00fchrungen von Josef Breuer differenziert dargestellt, weshalb er sich auch selbst gern als \u201eBreuerianer\u201c bezeichnet. Bis hin zur PTBS, der posttraumatischen Belastungsst\u00f6rung\u00a0 (ICD-10: 43.1), wird heute eine allgemeine, weder auf \u201esexuelle\u201c noch auf \u201e(fr\u00fch-) kindliche\u201c Gewalteinwirkungen beschr\u00e4nkte Traumatheorie in Psychiatrie und Psychologie vertreten. Vielfach berufen sich die Fachleute dabei irgendwie noch auf den Vater der Psychoanalyse, so seiner \u201eVerf\u00fchrungstheorie\u201c auch widerspricht, was sie jetzt vertreten. War doch f\u00fcr den fr\u00fchen Freud die verdr\u00e4ngte, infolge der Unreife des Kindes freilich noch nicht voll erlebte sexuelle Erregung die eigentliche Ursache sp\u00e4terer \u201ehysterischer\u201c Leiden. Auf erlittene Gewalt kam es ihm de facto gar nicht so an. In \u201eWeitere Bemerkungen \u00fcber die Abwehr-Neuropsychosen\u201c schreibt Freud (G.W. I, S. 380): \u201eEs m\u00fcssen &#8230; diese sexuellen Traumen der fr\u00fchen Kindheit &#8230; angeh\u00f6ren, und ihr Inhalt mu\u00df in wirklicher Irritation der Genitalien (koitus\u00e4hnlichen Vorg\u00e4ngen) bestehen&#8230;\u201c Selbst an der allgemeinen, allgemeinsten Traumatheorie ist freilich manches freilich, wenn auch nicht so hergeholt wie beim damals unter Kokain stehenden Freud, so doch immer noch unklar.<\/p>\n<p>Wenn Kernberg aber von einem mit 10 Jahren vom Vater vergewaltigten M\u00e4dchen ausf\u00fchrt, es habe dabei \u201etypischer Weise &#8230; einen sexuell erregenden Triumph \u00fcber ihre Mutter\u201c erlebt, \u00fcbertrumpft er den \u201efr\u00fchen Freud\u201c noch. Zu Recht hakt Schlagmann hier ein &#8211;\u00a0 Anla\u00df f\u00fcr uns, auf seine Website zu hinzuweisen (s.o.). Er gibt dort auch die Ergebnisse einer Umfrage wieder, die er bei deutschen Psychogen, Psychiatern, Psychotherapeuten bez\u00fcglich Kernbergs Position veranstaltet hat. Dabei wird vollends sichtbar, welche Verwirrung, wissenschaftlich wie ethisch, unter ihnen jetzt herrscht, vom fr\u00fchen kaum weniger, als vom sp\u00e4ten Freud ausgehend. Auf die Ausbreitung der Verwirrung aber scheint es denen angekommen zu sein, die die heutige Psycho-(therapie-)Szene politisch-administrativ eingerichtet haben. Erfreulich, da\u00df zumindest gegen Kernbergs Auslassungen, mit die grausamsten Versteigungen der Psychoanalyse, hierzulande Protest angemeldet worden ist, unabh\u00e4ngig von uns.<\/p>\n<p>&nbsp;<\/p>\n<p>F. Weinberger<\/p>\n<p>&nbsp;<\/p>\n","protected":false},"excerpt":{"rendered":"<p>***<\/p>\n","protected":false},"author":2,"featured_media":0,"parent":0,"menu_order":0,"comment_status":"open","ping_status":"open","template":"","meta":[],"_links":{"self":[{"href":"http:\/\/www.psychiatrie-und-ethik.de\/wpinfcde\/wp-json\/wp\/v2\/pages\/68"}],"collection":[{"href":"http:\/\/www.psychiatrie-und-ethik.de\/wpinfcde\/wp-json\/wp\/v2\/pages"}],"about":[{"href":"http:\/\/www.psychiatrie-und-ethik.de\/wpinfcde\/wp-json\/wp\/v2\/types\/page"}],"author":[{"embeddable":true,"href":"http:\/\/www.psychiatrie-und-ethik.de\/wpinfcde\/wp-json\/wp\/v2\/users\/2"}],"replies":[{"embeddable":true,"href":"http:\/\/www.psychiatrie-und-ethik.de\/wpinfcde\/wp-json\/wp\/v2\/comments?post=68"}],"version-history":[{"count":16,"href":"http:\/\/www.psychiatrie-und-ethik.de\/wpinfcde\/wp-json\/wp\/v2\/pages\/68\/revisions"}],"predecessor-version":[{"id":328,"href":"http:\/\/www.psychiatrie-und-ethik.de\/wpinfcde\/wp-json\/wp\/v2\/pages\/68\/revisions\/328"}],"wp:attachment":[{"href":"http:\/\/www.psychiatrie-und-ethik.de\/wpinfcde\/wp-json\/wp\/v2\/media?parent=68"}],"curies":[{"name":"wp","href":"https:\/\/api.w.org\/{rel}","templated":true}]}}